{"id":31744,"date":"2023-11-22T10:48:30","date_gmt":"2023-11-22T09:48:30","guid":{"rendered":"https:\/\/maisoncourvoisier.ch\/product\/jacob-co-the-world-is-yours-dual-time-zone\/"},"modified":"2023-11-22T10:48:30","modified_gmt":"2023-11-22T09:48:30","slug":"jacob-co-the-world-is-yours-dual-time-zone","status":"publish","type":"product","link":"https:\/\/maisoncourvoisier.ch\/fr\/produit\/jacob-co-the-world-is-yours-dual-time-zone\/","title":{"rendered":"Jacob &amp; Co The World Is Yours Dual Time Zone"},"content":{"rendered":"","protected":false},"excerpt":{"rendered":"<div class=\"flex flex-grow flex-col max-w-full gap-3 gizmo:gap-0\">\n<div class=\"min-h-[20px] text-message flex flex-col items-start gap-3 whitespace-pre-wrap break-words [.text-message+&amp;]:mt-5 overflow-x-auto\" data-message-author-role=\"assistant\" data-message-id=\"9eede6bd-fb33-49e1-b91e-0aab28f31233\">\n<div class=\"markdown prose w-full break-words dark:prose-invert dark\">\n<p>La World Is Yours Dual Time Zone rend hommage \u00e0 la montre qui a tout d\u00e9clench\u00e9. C&#8217;est la montre qui a ouvert le monde et le domaine de l&#8217;horlogerie \u00e0 Jacob Arabo. Cette montre rend hommage \u00e0 un tr\u00e9sor de la famille Arabov : une montre \u00e0 double fuseau horaire que Jacob Arabov a re\u00e7ue \u00e0 l&#8217;\u00e2ge de 13 ans de son p\u00e8re, Nison Arabov. C&#8217;est une montre qui symbolise le monde comme si elle disait : &#8220;Va, mon fils ! Va le conqu\u00e9rir !&#8221;<\/p>\n<p>Cette montre particuli\u00e8re avait une telle importance \u00e0 ses yeux qu&#8217;elle lui a donn\u00e9 le d\u00e9sir et la d\u00e9termination de cr\u00e9er un jour ses propres montres. Il a servi d&#8217;inspiration originale \u00e0 chaque montre Jacob &amp; Co. Cette montre reste dans la famille, en attendant d&#8217;\u00eatre transmise \u00e0 la g\u00e9n\u00e9ration suivante.<\/p>\n<p>Pour Jacob Arabo, la cr\u00e9ation est un voyage personnel et \u00e9motionnel. Et cette cr\u00e9ation tient une place particuli\u00e8re dans son c\u0153ur. Par cons\u00e9quent, la montre The World Is Yours Dual Time Zone ne se contente pas d&#8217;\u00eatre une montre \u00e0 deux fuseaux horaires avec des heures et des minutes s\u00e9par\u00e9es. Avec son \u00e9tonnant cadran bomb\u00e9 repr\u00e9sentant la Terre vue d&#8217;en haut, elle d\u00e9passe le simple fait d&#8217;\u00eatre une pi\u00e8ce d&#8217;artisanat exquise. C&#8217;est la preuve que l&#8217;amour d&#8217;un p\u00e8re peut \u00eatre la cl\u00e9 qui ouvre le monde et le rend vraiment v\u00f4tre.<\/p>\n<\/div>\n<\/div>\n<\/div>\n","protected":false},"featured_media":31752,"comment_status":"open","ping_status":"closed","template":"","meta":{"om_disable_all_campaigns":false,"_monsterinsights_skip_tracking":false,"_monsterinsights_sitenote_active":false,"_monsterinsights_sitenote_note":"","_monsterinsights_sitenote_category":0},"product_brand":[],"product_cat":[412],"product_tag":[],"giftcard-category":[],"class_list":{"0":"post-31744","1":"product","2":"type-product","3":"status-publish","4":"has-post-thumbnail","6":"product_cat-jacob-co-fr","8":"first","9":"instock","10":"taxable","11":"shipping-taxable","12":"purchasable","13":"product-type-simple"},"aioseo_notices":[],"_links":{"self":[{"href":"https:\/\/maisoncourvoisier.ch\/fr\/wp-json\/wp\/v2\/product\/31744","targetHints":{"allow":["GET"]}}],"collection":[{"href":"https:\/\/maisoncourvoisier.ch\/fr\/wp-json\/wp\/v2\/product"}],"about":[{"href":"https:\/\/maisoncourvoisier.ch\/fr\/wp-json\/wp\/v2\/types\/product"}],"replies":[{"embeddable":true,"href":"https:\/\/maisoncourvoisier.ch\/fr\/wp-json\/wp\/v2\/comments?post=31744"}],"version-history":[{"count":0,"href":"https:\/\/maisoncourvoisier.ch\/fr\/wp-json\/wp\/v2\/product\/31744\/revisions"}],"wp:featuredmedia":[{"embeddable":true,"href":"https:\/\/maisoncourvoisier.ch\/fr\/wp-json\/wp\/v2\/media\/31752"}],"wp:attachment":[{"href":"https:\/\/maisoncourvoisier.ch\/fr\/wp-json\/wp\/v2\/media?parent=31744"}],"wp:term":[{"taxonomy":"product_brand","embeddable":true,"href":"https:\/\/maisoncourvoisier.ch\/fr\/wp-json\/wp\/v2\/product_brand?post=31744"},{"taxonomy":"product_cat","embeddable":true,"href":"https:\/\/maisoncourvoisier.ch\/fr\/wp-json\/wp\/v2\/product_cat?post=31744"},{"taxonomy":"product_tag","embeddable":true,"href":"https:\/\/maisoncourvoisier.ch\/fr\/wp-json\/wp\/v2\/product_tag?post=31744"},{"taxonomy":"giftcard-category","embeddable":true,"href":"https:\/\/maisoncourvoisier.ch\/fr\/wp-json\/wp\/v2\/giftcard-category?post=31744"}],"curies":[{"name":"wp","href":"https:\/\/api.w.org\/{rel}","templated":true}]}}