{"id":26071,"date":"2020-08-27T08:23:10","date_gmt":"2020-08-27T07:23:10","guid":{"rendered":"https:\/\/maisoncourvoisier.ch\/politique-de-confidentialite\/"},"modified":"2020-08-27T08:23:10","modified_gmt":"2020-08-27T08:23:10","slug":"politique-de-confidentialite","status":"publish","type":"page","link":"https:\/\/maisoncourvoisier.ch\/fr\/politique-de-confidentialite\/","title":{"rendered":"Politique de confidentialit\u00e9"},"content":{"rendered":"<p><b>Politique de confidentialit\u00e9<\/b><\/p>\n<p>Nous exploitons le site web www.raritywatches.com et collectons certaines donn\u00e9es de nos clients et visiteurs lorsque cela est n\u00e9cessaire. Dans la politique de confidentialit\u00e9 des donn\u00e9es qui suit, vous serez inform\u00e9 de ce que nous faisons avec vos donn\u00e9es, dites donn\u00e9es personnelles, et pourquoi nous le faisons. Nous vous informerons \u00e9galement de la mani\u00e8re dont nous prot\u00e9geons vos donn\u00e9es, du moment o\u00f9 ces donn\u00e9es sont supprim\u00e9es et des droits dont vous disposez en mati\u00e8re de protection des donn\u00e9es. Tout d&#8217;abord : Nous respectons les lois sur la protection des donn\u00e9es et prot\u00e9geons votre vie priv\u00e9e.<\/p>\n<p>Mais nous voulons \u00eatre compl\u00e8tement ouverts : L&#8217;internet vit de l&#8217;\u00e9change de donn\u00e9es et pr\u00e9sente encore de nombreuses lacunes en mati\u00e8re de s\u00e9curit\u00e9. M\u00eame si vos donn\u00e9es sont crypt\u00e9es lorsque vous visitez notre site web, il existe toujours un risque r\u00e9siduel lors de l&#8217;\u00e9change de donn\u00e9es avec d&#8217;autres sites web au plus tard. Si vous visitez d&#8217;autres sites web &#8211; par exemple via un lien sur notre site web &#8211; veuillez noter que cette politique de confidentialit\u00e9 ne s&#8217;applique pas \u00e0 ce site web externe.<\/p>\n<p><b>Que sont les donn\u00e9es personnelles ?<\/b><\/p>\n<p>Les donn\u00e9es personnelles dans ce sens sont tous les d\u00e9tails individuels sur les circonstances personnelles ou factuelles d&#8217;une personne physique sp\u00e9cifique ou identifiable, tels que le nom, l&#8217;adresse ou l&#8217;adresse e-mail mais aussi les adresses IP.<\/p>\n<p><b>Qui puis-je contacter ?<\/b><\/p>\n<p>Www.raritywatches.com est responsable de ses Services et de la protection de vos donn\u00e9es. Si vous avez des questions sp\u00e9cifiques concernant vos donn\u00e9es personnelles, la suppression de vos donn\u00e9es personnelles ou des choses similaires, vous pouvez nous joindre \u00e0 l&#8217;adresse suivante :<\/p>\n<p>Groupe AP<br \/>\nL&#8217; Espalmera 10<\/p>\n<p>La Massana AD 400<\/p>\n<p>Andorre<br \/>\nCourrier : <a href=\"mailto:contact@raritywatches.com\"><br \/>\n  <u>contact<\/u><br \/>\n  <u>@raritywatches.com<\/u><br \/>\n<\/a><\/p>\n<p><b>Quels sont mes droits ?<\/b><\/p>\n<p>Vous pouvez nous contacter \u00e0 tout moment si vous avez des questions sur vos droits en mati\u00e8re de protection des donn\u00e9es ou si vous souhaitez exercer l&#8217;un des droits suivants :<\/p>\n<ul>\n<li><b>Droit de retirer<\/b> votre consentement &#8211; par exemple, vous pouvez nous contacter si vous souhaitez annuler un consentement donn\u00e9 pr\u00e9c\u00e9demment pour une newsletter)<\/li>\n<li><b>Droit d&#8217;acc\u00e8s \u00e0 vos donn\u00e9es<\/b> &#8211; par exemple, vous pouvez nous contacter si vous souhaitez savoir quelles donn\u00e9es nous avons stock\u00e9es \u00e0 votre sujet.<\/li>\n<li><b>Droit de corriger vos donn\u00e9es<\/b> &#8211; par exemple, vous pouvez nous contacter si votre adresse \u00e9lectronique a chang\u00e9 et que nous devons remplacer votre ancienne adresse \u00e9lectronique.<\/li>\n<li><b>Droit \u00e0 la suppression de vos donn\u00e9es<\/b> &#8211; par exemple, vous pouvez nous contacter si vous souhaitez que nous supprimions certaines donn\u00e9es que nous avons stock\u00e9es \u00e0 votre sujet.<\/li>\n<li><b>Droit de limiter la collecte de donn\u00e9es<\/b> &#8211; par exemple, vous pouvez nous contacter si vous ne souhaitez pas que nous utilisions votre adresse \u00e9lectronique pour les bulletins d&#8217;information, mais uniquement pour envoyer les courriers \u00e9lectroniques absolument n\u00e9cessaires.<\/li>\n<li><b>Droit d&#8217;emporter vos donn\u00e9es<\/b> <b>avec vous<\/b> &#8211; par exemple, vous pouvez nous contacter pour recevoir vos donn\u00e9es dans un format zipp\u00e9, si vous souhaitez les t\u00e9l\u00e9charger sur un autre site web.<\/li>\n<li><b>Droit de s&#8217;opposer \u00e0 la mani\u00e8re dont vos donn\u00e9es<\/b> sont <b>trait\u00e9es &#8211; <\/b>par exemple. vous pouvez nous contacter si vous n&#8217;\u00eates pas d&#8217;accord avec les proc\u00e9dures d&#8217;analyse des utilisateurs d\u00e9crites dans la pr\u00e9sente politique de confidentialit\u00e9.<\/li>\n<li><b>Droit d&#8217;envoyer des plaintes<\/b> &#8211; par exemple, vous pouvez contacter directement l&#8217;autorit\u00e9 de contr\u00f4le de la protection des donn\u00e9es.<\/li>\n<\/ul>\n<p><b>Suppression des donn\u00e9es et d\u00e9lais de conservation<\/b><\/p>\n<p>Sauf indication contraire, nous supprimons ou rendons anonymes vos donn\u00e9es d\u00e8s qu&#8217;elles ne sont plus n\u00e9cessaires (par exemple, votre adresse \u00e9lectronique apr\u00e8s votre d\u00e9sabonnement \u00e0 notre newsletter). Vos donn\u00e9es seront \u00e9galement supprim\u00e9es ou anonymis\u00e9es automatiquement si la p\u00e9riode de conservation obligatoire expire (par exemple, celles requises par la loi pour les op\u00e9rations de paiement). Ces donn\u00e9es peuvent \u00eatre n\u00e9cessaires pour des p\u00e9riodes plus longues pour des raisons juridiques. Vous pouvez demander des informations sur toutes les donn\u00e9es personnelles que nous avons stock\u00e9es \u00e0 votre sujet.<\/p>\n<p><b>Visiter notre site web<\/b><\/p>\n<p>Si vous souhaitez simplement naviguer sur notre site web, nous ne recueillons aucune donn\u00e9e personnelle, \u00e0 l&#8217;exception des donn\u00e9es que votre navigateur nous envoie, par exemple :<\/p>\n<ul>\n<li><b>Adresse IP<\/b><\/li>\n<li><b>Localisation approximative bas\u00e9e sur la plage IP<\/b><\/li>\n<li><b>Fournisseur d&#8217;acc\u00e8s \u00e0 Internet<\/b><\/li>\n<li><b>Vitesse de la connexion Internet<\/b><\/li>\n<li><b>Date et heure de la visite<\/b><\/li>\n<li><b>Dernier site visit\u00e9<\/b><\/li>\n<li><b>Navigateur et version<\/b><\/li>\n<li><b>Syst\u00e8me d&#8217;exploitation<\/b><\/li>\n<li><b>Mat\u00e9riel<\/b> (par exemple, le processeur)<\/li>\n<\/ul>\n<p>L&#8217;\u00e9l\u00e9ment le plus int\u00e9ressant pour vous, en tant que visiteur de notre site web, est probablement votre adresse IP, car elle peut th\u00e9oriquement permettre de remonter jusqu&#8217;\u00e0 vous en tant que personne. Afin de prot\u00e9ger votre vie priv\u00e9e, nous supprimons ou rendons anonyme votre adresse IP apr\u00e8s votre visite. Par cons\u00e9quent, toutes les autres donn\u00e9es qui y sont \u00e9ventuellement rattach\u00e9es ne peuvent plus remonter jusqu&#8217;\u00e0 vous. Elles ne serviront qu&#8217;\u00e0 des fins anonymes et statistiques pour optimiser notre site web. Le stockage temporaire de ces donn\u00e9es est n\u00e9cessaire pour \u00e9tablir une connexion et charger notre site web de la mani\u00e8re dont il a \u00e9t\u00e9 con\u00e7u. Ces donn\u00e9es sont donc n\u00e9cessaires pour afficher le site web sur votre \u00e9cran, pour \u00e9viter les probl\u00e8mes d&#8217;affichage et autres messages d&#8217;erreur technique. La base juridique est l&#8217;int\u00e9r\u00eat l\u00e9gitime conform\u00e9ment aux exigences europ\u00e9ennes en mati\u00e8re de protection des donn\u00e9es.<\/p>\n<p><b>Formulaires de contact<\/b><\/p>\n<p>Lorsque vous nous contactez directement par e-mail, nous ne conservons votre adresse e-mail et le contenu correspondant que dans le cadre de votre demande et nous les supprimons ensuite.<\/p>\n<ul>\n<li>Pr\u00e9nom\/Nom de famille<\/li>\n<li>T\u00e9l\u00e9phone<\/li>\n<li>adresse e-mail<\/li>\n<li>Message\/ Votre message<\/li>\n<\/ul>\n<p>Afin de prot\u00e9ger votre vie priv\u00e9e, le contact est \u00e9tabli via une connexion crypt\u00e9e, tout comme une visite sur le reste du site web. En outre, nous appliquons le principe de minimisation des donn\u00e9es et ne recueillons que les donn\u00e9es effectivement requises dans le formulaire de contact. Apr\u00e8s l&#8217;\u00e9tablissement r\u00e9ussi du contact avec vous et l&#8217;omission d\u00e9finitive de la raison du contact, vos donn\u00e9es sont supprim\u00e9es. La finalit\u00e9 des donn\u00e9es demand\u00e9es est de vous contacter, c&#8217;est pourquoi les donn\u00e9es ne sont utilis\u00e9es qu&#8217;\u00e0 cette fin. La base juridique est votre consentement, conform\u00e9ment aux exigences europ\u00e9ennes en mati\u00e8re de protection des donn\u00e9es.<\/p>\n<p><b>Donn\u00e9es sur les candidats<\/b><\/p>\n<p>Nous collectons et traitons les donn\u00e9es personnelles des candidats dans le but de traiter la proc\u00e9dure de candidature. Le traitement peut \u00e9galement \u00eatre effectu\u00e9 par voie \u00e9lectronique. C&#8217;est notamment le cas si un demandeur nous envoie les documents de demande correspondants par voie \u00e9lectronique, par exemple par courrier \u00e9lectronique ou via un formulaire web sur le site web. Si nous concluons un contrat de travail avec un candidat, les donn\u00e9es transmises seront stock\u00e9es dans le but de traiter la relation de travail dans le respect des dispositions l\u00e9gales. Si nous ne concluons pas de contrat de travail avec le candidat, les documents de candidature seront supprim\u00e9s 3 mois apr\u00e8s la notification de la d\u00e9cision de refus, \u00e0 condition qu&#8217;aucun autre int\u00e9r\u00eat l\u00e9gitime de notre part ne s&#8217;oppose \u00e0 la suppression.<\/p>\n<p><b>Estimation de la valeur<\/b><b>mation d&#8217;une montre \/ Reprise \/ Enregistrement<\/b><\/p>\n<p>Vous avez \u00e9galement la possibilit\u00e9 de faire \u00e9valuer votre montre par nos soins et de vous inscrire sur notre site web, puis de vous connecter \u00e0 tout moment avec un compte utilisateur. Pour faire \u00e9valuer votre montre, vous devez indiquer votre adresse \u00e9lectronique. S\u00e9lectionnez ensuite le type et les donn\u00e9es de votre montre, saisissez votre nom\/pr\u00e9nom et votre num\u00e9ro de t\u00e9l\u00e9phone. Cela cr\u00e9e un utilisateur. Vous aurez ensuite la possibilit\u00e9 de vous inscrire sur notre site web.<\/p>\n<p>Si vous annulez le processus d&#8217;\u00e9valuation, nous aimerions vous envoyer un e-mail pour vous aider \u00e0 faciliter la poursuite de l&#8217;\u00e9valuation. Si vous ne souhaitez pas le faire, vous pouvez nous en informer sous les donn\u00e9es de contact susmentionn\u00e9es ou utiliser la proc\u00e9dure de d\u00e9sinscription correspondante dans chaque e-mail de notre part.<\/p>\n<p>Pour vous enregistrer aupr\u00e8s de nous, les donn\u00e9es suivantes sont n\u00e9cessaires :<\/p>\n<ul>\n<li>adresse e-mail<\/li>\n<\/ul>\n<p>&#8211; Pr\u00e9nom\/nom &#8211; num\u00e9ro de t\u00e9l\u00e9phone &#8211; Nom d&#8217;utilisateur &#8221; Nom d&#8217;utilisateur &#8211; Mot de passe<\/p>\n<p><b>Liste de souhaits \/ Alarme de prix<\/b><\/p>\n<p>Vous avez la possibilit\u00e9 de m\u00e9moriser certaines montres et d&#8217;\u00eatre inform\u00e9 de la disponibilit\u00e9 et des r\u00e9ductions de prix par e-mail. Pour vous inscrire \u00e0 ce service, il vous suffit de saisir votre adresse \u00e9lectronique. Ensuite, vous avez la possibilit\u00e9 de vous enregistrer, ce qui vous donne la possibilit\u00e9 de voir un aper\u00e7u de toutes les entr\u00e9es de surveillance et de supprimer certaines d&#8217;entre elles si n\u00e9cessaire. Ici aussi, nous aimerions vous envoyer un e-mail d&#8217;information. Si vous ne souhaitez pas le faire, vous pouvez nous en informer sous les donn\u00e9es de contact susmentionn\u00e9es ou utiliser la proc\u00e9dure de d\u00e9sinscription correspondante dans chaque e-mail de notre part.<\/p>\n<p>Panier \/ Achat Pour acheter une montre, vous devez \u00eatre enregistr\u00e9. Au cours du processus de commande, vous devez \u00e9galement indiquer votre adresse de facturation et votre adresse de livraison. Si vous ne terminez pas le processus, nous aimerions vous envoyer un e-mail avec des informations et de l&#8217;aide. Si vous ne souhaitez pas le faire, vous pouvez nous en informer sous les donn\u00e9es de contact susmentionn\u00e9es ou utiliser la proc\u00e9dure de d\u00e9sinscription correspondante dans chaque e-mail de notre part.<\/p>\n<p>Afin de prot\u00e9ger votre vie priv\u00e9e, les donn\u00e9es que vous saisissez sont transmises via une connexion crypt\u00e9e, tout comme votre visite sur le reste du site web. Nous appliquons \u00e9galement le principe de minimisation des donn\u00e9es et ne collectons que les donn\u00e9es r\u00e9ellement n\u00e9cessaires. En outre, nous vous attribuons un pays sur la base de l&#8217;adresse IP transmise de votre appareil. Ces donn\u00e9es sont stock\u00e9es afin de pouvoir vous pr\u00e9senter l&#8217;\u00e9ventail des modes de paiement applicables. La finalit\u00e9 des donn\u00e9es demand\u00e9es est de cr\u00e9er un compte d&#8217;utilisateur pour l&#8217;utilisation de fonctions avanc\u00e9es sur le site web. L&#8217;inscription est volontaire et peut \u00eatre r\u00e9voqu\u00e9e ou les donn\u00e9es de l&#8217;utilisateur supprim\u00e9es \u00e0 tout moment. La base juridique est le consentement de l&#8217;utilisateur, conform\u00e9ment aux exigences europ\u00e9ennes en mati\u00e8re de protection des donn\u00e9es.<\/p>\n<p><b>Bulletin d&#8217;information<\/b><\/p>\n<p>Nous utilisons la proc\u00e9dure dite de double opt-in pour l&#8217;envoi de notre newsletter. Nous ne vous enverrons donc une newsletter par e-mail que si vous confirmez dans notre e-mail de notification que vous souhaitez recevoir notre newsletter en cliquant sur un lien. Si vous confirmez votre souhait de recevoir la lettre d&#8217;information, nous enregistrerons votre adresse \u00e9lectronique aux fins de l&#8217;envoi de la lettre d&#8217;information.<\/p>\n<p>Bien s\u00fbr, vous pouvez vous d\u00e9sabonner de notre newsletter \u00e0 tout moment, vous trouverez un lien dans chaque newsletter. Si vous cliquez sur le lien, vous serez redirig\u00e9 et vous pourrez confirmer votre annulation dans un e-mail. De cette fa\u00e7on, nous pouvons nous assurer que la d\u00e9connexion est mise en \u0153uvre dans tous les processus. Vous pouvez \u00e9galement nous contacter en utilisant les coordonn\u00e9es ci-dessus.<\/p>\n<p><b>Cookies<\/b><\/p>\n<p>Nous utilisons des cookies sur notre site web. Les cookies sont de petits fichiers texte qui sont g\u00e9n\u00e9ralement stock\u00e9s dans un dossier de votre navigateur. Les cookies contiennent des informations sur la visite actuelle ou la derni\u00e8re visite de notre site web :<br \/>\nSi les cookies ne contiennent pas de date d&#8217;expiration exacte, ils ne sont stock\u00e9s que temporairement et sont automatiquement supprim\u00e9s d\u00e8s que vous fermez votre navigateur ou red\u00e9marrez votre appareil. Les cookies ayant une date d&#8217;expiration seront toujours stock\u00e9s m\u00eame si vous fermez votre navigateur ou red\u00e9marrez votre appareil. Ces cookies ne seront pas supprim\u00e9s avant la date indiqu\u00e9e ou si vous les supprimez manuellement.<\/p>\n<p>Nous utilisons les trois types de cookies suivants sur notre site web :<\/p>\n<ul>\n<li>Cookies obligatoires (cookies qui sont n\u00e9cessaires, par exemple pour afficher correctement le site web pour vous et pour stocker temporairement certains param\u00e8tres).<\/li>\n<li>Cookies fonctionnels et li\u00e9s \u00e0 la performance (cookies qui nous aident \u00e0 am\u00e9liorer notre site web, par exemple pour \u00e9valuer les donn\u00e9es techniques de votre visite et \u00e9viter les messages d&#8217;erreur).<\/li>\n<li>Cookies publicitaires et analytiques (cookies qui fournissent des analyses et des publicit\u00e9s personnalis\u00e9es.<\/li>\n<\/ul>\n<p>Vous pouvez configurer, bloquer et supprimer les cookies dans les param\u00e8tres de votre navigateur. Si vous supprimez tous les cookies de notre site web, certaines fonctions du site web peuvent ne pas s&#8217;afficher correctement.<br \/>\n\u00c0 l&#8217;exception des cookies techniquement requis, les autres types de cookies ne sont activ\u00e9s qu&#8217;apr\u00e8s un consentement expr\u00e8s. Ce consentement peut \u00eatre r\u00e9voqu\u00e9 \u00e0 tout moment. L&#8217;option de r\u00e9vocation et d&#8217;autres informations sont disponibles dans les param\u00e8tres des cookies.<\/p>\n<p><b>Google Fonts<\/b><\/p>\n<p>Les polices de caract\u00e8res Google Fonts (https:\/\/fonts.google.com) de Google Inc. 1600 Amphitheatre Parkway, Mountain View, CA 94043, USA (&#8220;Google&#8221;), une collection de polices de Google, sont utilis\u00e9es pour am\u00e9liorer visuellement la police de caract\u00e8res. Ces polices sont transf\u00e9r\u00e9es dans le dossier de stockage de votre navigateur et activ\u00e9es lorsque vous visitez ce site web ou d&#8217;autres sites web. Si cette option n&#8217;est pas prise en charge, le texte de la page Web s&#8217;affiche uniquement dans une police standard. Pour ce faire, une demande est envoy\u00e9e \u00e0 des domaines tels que fonts.googleapis.com ou fonts.gstatic.com, qui, pour des raisons techniques, contient votre adresse IP. Toutefois, vos donn\u00e9es ne seront pas fusionn\u00e9es avec d&#8217;autres donn\u00e9es ni ne permettront de remonter jusqu&#8217;\u00e0 vous personnellement.<\/p>\n<p>Afin de prot\u00e9ger votre vie priv\u00e9e, nous avons fait en sorte qu&#8217;en acc\u00e9dant \u00e0 la collection de polices de Google, les donn\u00e9es ne soient pas fusionn\u00e9es avec d&#8217;autres offres de Google, par exemple si vous avez un compte utilisateur Google. Les informations en anglais sur la protection des donn\u00e9es de Google Fonts le confirment (https:\/\/developers.google.com\/fonts\/faq). En outre, les normes de s\u00e9curit\u00e9 \u00e9lev\u00e9es de la plate-forme Google et la politique de confidentialit\u00e9 de Google qui y est associ\u00e9e (http:\/\/www.google.com\/intl\/de-DE\/privacy) s&#8217;appliquent. \u00c9tant donn\u00e9 que Google est bas\u00e9 aux \u00c9tats-Unis et donc dans un pays dit tiers, des garanties suppl\u00e9mentaires sont n\u00e9cessaires pour assurer un niveau europ\u00e9en appropri\u00e9 de protection des donn\u00e9es. Google a sign\u00e9 avec nous des clauses sp\u00e9ciales de protection des donn\u00e9es (clauses contractuelles types de l&#8217;UE sur la protection des donn\u00e9es).<br \/>\nL&#8217;objectif de la transmission des donn\u00e9es est la repr\u00e9sentation correcte des polices de caract\u00e8res sous la forme que nous avons d\u00e9finie. L&#8217;adresse IP est n\u00e9cessaire pour se connecter aux serveurs de Google afin de t\u00e9l\u00e9charger la collection de polices si elle n&#8217;est pas d\u00e9j\u00e0 stock\u00e9e sur l&#8217;appareil. La base juridique est l&#8217;int\u00e9r\u00eat dit l\u00e9gitime, qui a \u00e9t\u00e9 examin\u00e9 afin de poursuivre la finalit\u00e9 et dans le cadre des mesures de protection susmentionn\u00e9es et conform\u00e9ment aux exigences europ\u00e9ennes en mati\u00e8re de protection des donn\u00e9es en vertu du GDPR.<\/p>\n<p><b>Analyse du site web :<\/b><\/p>\n<p><b>Google Analytics<\/b><\/p>\n<p>Nous utilisons Google Analytics, un service d&#8217;analyse Web fourni par Google Inc. 1600 Amphitheatre Parkway, Mountain View, CA 94043, USA (&#8220;Google&#8221;). Google Analytics utilise les cookies publicitaires et analytiques d\u00e9crits ci-dessus pour analyser notre site Web en fonction de votre comportement d&#8217;utilisation. Les informations g\u00e9n\u00e9r\u00e9es par ces cookies sont transmises \u00e0 un serveur de Google aux \u00c9tats-Unis et y sont stock\u00e9es. Toutefois, votre adresse IP est raccourcie avant que les statistiques d&#8217;utilisation ne soient \u00e9valu\u00e9es, de sorte qu&#8217;aucun lien direct avec vous en tant que personne ne peut \u00eatre \u00e9tabli. \u00c0 cette fin, nous utilisons la fonction &#8220;anonymizeIp&#8221; pour assurer la collecte anonyme des adresses IP. Google utilisera les informations anonymes collect\u00e9es par les cookies pour \u00e9valuer l&#8217;utilisation du site et pour compiler des rapports sur l&#8217;activit\u00e9 du site. Google peut \u00e9galement transmettre ces informations \u00e0 des tiers si la loi l&#8217;exige ou si des tiers traitent ces donn\u00e9es pour le compte de Google.<\/p>\n<p>Vous pouvez \u00e9galement configurer votre navigateur pour qu&#8217;il refuse les cookies, ou vous pouvez emp\u00eacher Google de collecter et d&#8217;analyser les donn\u00e9es en t\u00e9l\u00e9chargeant et en installant un plug-in de navigateur (https:\/\/tools.google.com\/dlpage\/gaoptout?hl=en) de Google. Comme alternative au module compl\u00e9mentaire du navigateur ou dans les navigateurs des appareils mobiles, vous pouvez d\u00e9finir un cookie de d\u00e9sactivation pour emp\u00eacher la collecte future par Google Analytics dans ce site Web (la d\u00e9sactivation ne fonctionne que dans le navigateur et uniquement pour ce domaine). Si vous supprimez vos cookies dans ce navigateur, vous devez cliquer \u00e0 nouveau sur ce lien.<\/p>\n<p>Afin de prot\u00e9ger votre vie priv\u00e9e, nous utilisons la fonction d&#8217;anonymisation propos\u00e9e par Google, comme indiqu\u00e9 ci-dessus, alors que les analyses ne sont pas bas\u00e9es sur vous en tant que personne, mais uniquement sur une base statistique. En outre, les normes de s\u00e9curit\u00e9 \u00e9lev\u00e9es de la plate-forme Google et sa politique de confidentialit\u00e9 des donn\u00e9es s&#8217;appliquent. Le but de l&#8217;utilisation de Google Analytics est d&#8217;analyser (de mani\u00e8re anonyme) le comportement d&#8217;utilisation de nos sites web. Les informations recueillies nous aident \u00e0 am\u00e9liorer nos sites web et nos jeux. La base juridique est le consentement conform\u00e9ment au GDPR.<\/p>\n","protected":false},"excerpt":{"rendered":"<p>Politique de confidentialit\u00e9 Nous exploitons le site web www.raritywatches.com et collectons certaines donn\u00e9es de nos clients et visiteurs lorsque cela est n\u00e9cessaire. Dans la politique de confidentialit\u00e9 des donn\u00e9es qui&hellip;<\/p>\n","protected":false},"author":1,"featured_media":0,"parent":0,"menu_order":0,"comment_status":"closed","ping_status":"closed","template":"","meta":{"om_disable_all_campaigns":false,"_monsterinsights_skip_tracking":false,"_monsterinsights_sitenote_active":false,"_monsterinsights_sitenote_note":"","_monsterinsights_sitenote_category":0,"footnotes":""},"class_list":["post-26071","page","type-page","status-publish","hentry"],"aioseo_notices":[],"_links":{"self":[{"href":"https:\/\/maisoncourvoisier.ch\/fr\/wp-json\/wp\/v2\/pages\/26071","targetHints":{"allow":["GET"]}}],"collection":[{"href":"https:\/\/maisoncourvoisier.ch\/fr\/wp-json\/wp\/v2\/pages"}],"about":[{"href":"https:\/\/maisoncourvoisier.ch\/fr\/wp-json\/wp\/v2\/types\/page"}],"author":[{"embeddable":true,"href":"https:\/\/maisoncourvoisier.ch\/fr\/wp-json\/wp\/v2\/users\/1"}],"replies":[{"embeddable":true,"href":"https:\/\/maisoncourvoisier.ch\/fr\/wp-json\/wp\/v2\/comments?post=26071"}],"version-history":[{"count":0,"href":"https:\/\/maisoncourvoisier.ch\/fr\/wp-json\/wp\/v2\/pages\/26071\/revisions"}],"wp:attachment":[{"href":"https:\/\/maisoncourvoisier.ch\/fr\/wp-json\/wp\/v2\/media?parent=26071"}],"curies":[{"name":"wp","href":"https:\/\/api.w.org\/{rel}","templated":true}]}}